{"id":442,"date":"2019-06-05T09:36:49","date_gmt":"2019-06-05T09:36:49","guid":{"rendered":"http:\/\/distinct-otter.w6.wpsandbox.pro\/?page_id=10"},"modified":"2024-07-25T11:16:42","modified_gmt":"2024-07-25T14:16:42","slug":"about","status":"publish","type":"page","link":"https:\/\/cajacolon.com.ar\/?page_id=442","title":{"rendered":"Autoridades"},"content":{"rendered":"\t\t<div data-elementor-type=\"wp-post\" data-elementor-id=\"442\" class=\"elementor elementor-442\">\n\t\t\t\t\t\t<section class=\"elementor-section elementor-top-section elementor-element elementor-element-f745841 elementor-section-boxed elementor-section-height-default elementor-section-height-default\" data-id=\"f745841\" data-element_type=\"section\" data-settings=\"{&quot;background_background&quot;:&quot;classic&quot;}\">\n\t\t\t\t\t\t<div class=\"elementor-container elementor-column-gap-default\">\n\t\t\t\t\t<div class=\"elementor-column elementor-col-100 elementor-top-column elementor-element elementor-element-f9e29f6\" data-id=\"f9e29f6\" data-element_type=\"column\">\n\t\t\t<div class=\"elementor-widget-wrap elementor-element-populated\">\n\t\t\t\t\t\t<section class=\"elementor-section elementor-inner-section elementor-element elementor-element-b880b17 elementor-section-boxed elementor-section-height-default elementor-section-height-default\" data-id=\"b880b17\" data-element_type=\"section\">\n\t\t\t\t\t\t<div class=\"elementor-container elementor-column-gap-default\">\n\t\t\t\t\t<div class=\"elementor-column elementor-col-16 elementor-inner-column elementor-element elementor-element-fb9dc32\" data-id=\"fb9dc32\" data-element_type=\"column\">\n\t\t\t<div class=\"elementor-widget-wrap\">\n\t\t\t\t\t\t\t<\/div>\n\t\t<\/div>\n\t\t\t\t<div class=\"elementor-column elementor-col-66 elementor-inner-column elementor-element elementor-element-9abfa42\" data-id=\"9abfa42\" data-element_type=\"column\">\n\t\t\t<div class=\"elementor-widget-wrap elementor-element-populated\">\n\t\t\t\t\t\t<div class=\"elementor-element elementor-element-4b29eb7 elementor-widget elementor-widget-heading\" data-id=\"4b29eb7\" data-element_type=\"widget\" data-widget_type=\"heading.default\">\n\t\t\t\t<div class=\"elementor-widget-container\">\n\t\t\t\t\t<h2 class=\"elementor-heading-title elementor-size-default\">NUESTRAS <span style=\"color:#23a455\">AUTORIDADES<\/span><\/h2>\t\t\t\t<\/div>\n\t\t\t\t<\/div>\n\t\t\t\t\t<\/div>\n\t\t<\/div>\n\t\t\t\t<div class=\"elementor-column elementor-col-16 elementor-inner-column elementor-element elementor-element-08b9ec9\" data-id=\"08b9ec9\" data-element_type=\"column\">\n\t\t\t<div class=\"elementor-widget-wrap\">\n\t\t\t\t\t\t\t<\/div>\n\t\t<\/div>\n\t\t\t\t\t<\/div>\n\t\t<\/section>\n\t\t\t\t<section class=\"elementor-section elementor-inner-section elementor-element elementor-element-5f47fc5 elementor-section-boxed elementor-section-height-default elementor-section-height-default\" data-id=\"5f47fc5\" data-element_type=\"section\">\n\t\t\t\t\t\t<div class=\"elementor-container elementor-column-gap-default\">\n\t\t\t\t\t<div class=\"elementor-column elementor-col-33 elementor-inner-column elementor-element elementor-element-e1e249a\" data-id=\"e1e249a\" data-element_type=\"column\">\n\t\t\t<div class=\"elementor-widget-wrap\">\n\t\t\t\t\t\t\t<\/div>\n\t\t<\/div>\n\t\t\t\t<div class=\"elementor-column elementor-col-33 elementor-inner-column elementor-element elementor-element-15905bd\" data-id=\"15905bd\" data-element_type=\"column\">\n\t\t\t<div class=\"elementor-widget-wrap elementor-element-populated\">\n\t\t\t\t\t\t<div class=\"elementor-element elementor-element-847d4fe elementor-widget elementor-widget-image\" data-id=\"847d4fe\" data-element_type=\"widget\" data-widget_type=\"image.default\">\n\t\t\t\t<div class=\"elementor-widget-container\">\n\t\t\t\t\t\t\t\t\t\t\t\t\t\t\t<img decoding=\"async\" width=\"150\" height=\"150\" src=\"https:\/\/cajacolon.com.ar\/wp-content\/uploads\/2019\/12\/mujer-150x150.png\" class=\"attachment-thumbnail size-thumbnail wp-image-629\" alt=\"\" srcset=\"https:\/\/cajacolon.com.ar\/wp-content\/uploads\/2019\/12\/mujer-150x150.png 150w, https:\/\/cajacolon.com.ar\/wp-content\/uploads\/2019\/12\/mujer-300x300.png 300w, https:\/\/cajacolon.com.ar\/wp-content\/uploads\/2019\/12\/mujer-350x350.png 350w, https:\/\/cajacolon.com.ar\/wp-content\/uploads\/2019\/12\/mujer.png 512w\" sizes=\"(max-width: 150px) 100vw, 150px\" \/>\t\t\t\t\t\t\t\t\t\t\t\t\t\t\t<\/div>\n\t\t\t\t<\/div>\n\t\t\t\t<div class=\"elementor-element elementor-element-e296ab7 elementor-widget elementor-widget-heading\" data-id=\"e296ab7\" data-element_type=\"widget\" data-widget_type=\"heading.default\">\n\t\t\t\t<div class=\"elementor-widget-container\">\n\t\t\t\t\t<h3 class=\"elementor-heading-title elementor-size-default\">AGUILAR TERESA BEATRIZ<\/h3>\t\t\t\t<\/div>\n\t\t\t\t<\/div>\n\t\t\t\t<div class=\"elementor-element elementor-element-f2d83f2 elementor-widget elementor-widget-heading\" data-id=\"f2d83f2\" data-element_type=\"widget\" data-widget_type=\"heading.default\">\n\t\t\t\t<div class=\"elementor-widget-container\">\n\t\t\t\t\t<p class=\"elementor-heading-title elementor-size-default\">PRESIDENTE<\/p>\t\t\t\t<\/div>\n\t\t\t\t<\/div>\n\t\t\t\t\t<\/div>\n\t\t<\/div>\n\t\t\t\t<div class=\"elementor-column elementor-col-33 elementor-inner-column elementor-element elementor-element-4da131e\" data-id=\"4da131e\" data-element_type=\"column\">\n\t\t\t<div class=\"elementor-widget-wrap\">\n\t\t\t\t\t\t\t<\/div>\n\t\t<\/div>\n\t\t\t\t\t<\/div>\n\t\t<\/section>\n\t\t\t\t<section class=\"elementor-section elementor-inner-section elementor-element elementor-element-7df2874 elementor-section-boxed elementor-section-height-default elementor-section-height-default\" data-id=\"7df2874\" data-element_type=\"section\">\n\t\t\t\t\t\t<div class=\"elementor-container elementor-column-gap-default\">\n\t\t\t\t\t<div class=\"elementor-column elementor-col-50 elementor-inner-column elementor-element elementor-element-b638c5a\" data-id=\"b638c5a\" data-element_type=\"column\">\n\t\t\t<div class=\"elementor-widget-wrap elementor-element-populated\">\n\t\t\t\t\t\t<div class=\"elementor-element elementor-element-672176a elementor-widget elementor-widget-image\" data-id=\"672176a\" data-element_type=\"widget\" data-widget_type=\"image.default\">\n\t\t\t\t<div class=\"elementor-widget-container\">\n\t\t\t\t\t\t\t\t\t\t\t\t\t\t\t<img decoding=\"async\" width=\"150\" height=\"150\" src=\"https:\/\/cajacolon.com.ar\/wp-content\/uploads\/2019\/12\/chico-150x150.png\" class=\"attachment-thumbnail size-thumbnail wp-image-630\" alt=\"\" srcset=\"https:\/\/cajacolon.com.ar\/wp-content\/uploads\/2019\/12\/chico-150x150.png 150w, https:\/\/cajacolon.com.ar\/wp-content\/uploads\/2019\/12\/chico-300x300.png 300w, https:\/\/cajacolon.com.ar\/wp-content\/uploads\/2019\/12\/chico-350x350.png 350w, https:\/\/cajacolon.com.ar\/wp-content\/uploads\/2019\/12\/chico.png 512w\" sizes=\"(max-width: 150px) 100vw, 150px\" \/>\t\t\t\t\t\t\t\t\t\t\t\t\t\t\t<\/div>\n\t\t\t\t<\/div>\n\t\t\t\t<div class=\"elementor-element elementor-element-038a29a elementor-widget elementor-widget-heading\" data-id=\"038a29a\" data-element_type=\"widget\" data-widget_type=\"heading.default\">\n\t\t\t\t<div class=\"elementor-widget-container\">\n\t\t\t\t\t<h3 class=\"elementor-heading-title elementor-size-default\">BONVIN WALTER FRANCISCO<\/h3>\t\t\t\t<\/div>\n\t\t\t\t<\/div>\n\t\t\t\t<div class=\"elementor-element elementor-element-3e39dcb elementor-widget elementor-widget-heading\" data-id=\"3e39dcb\" data-element_type=\"widget\" data-widget_type=\"heading.default\">\n\t\t\t\t<div class=\"elementor-widget-container\">\n\t\t\t\t\t<p class=\"elementor-heading-title elementor-size-default\">VICEPRESIDENTE<\/p>\t\t\t\t<\/div>\n\t\t\t\t<\/div>\n\t\t\t\t\t<\/div>\n\t\t<\/div>\n\t\t\t\t<div class=\"elementor-column elementor-col-50 elementor-inner-column elementor-element elementor-element-d672f02\" data-id=\"d672f02\" data-element_type=\"column\">\n\t\t\t<div class=\"elementor-widget-wrap elementor-element-populated\">\n\t\t\t\t\t\t<div class=\"elementor-element elementor-element-7296c2b elementor-widget elementor-widget-image\" data-id=\"7296c2b\" data-element_type=\"widget\" data-widget_type=\"image.default\">\n\t\t\t\t<div class=\"elementor-widget-container\">\n\t\t\t\t\t\t\t\t\t\t\t\t\t\t\t<img decoding=\"async\" width=\"150\" height=\"150\" src=\"https:\/\/cajacolon.com.ar\/wp-content\/uploads\/2019\/12\/mujer-150x150.png\" class=\"attachment-thumbnail size-thumbnail wp-image-629\" alt=\"\" srcset=\"https:\/\/cajacolon.com.ar\/wp-content\/uploads\/2019\/12\/mujer-150x150.png 150w, https:\/\/cajacolon.com.ar\/wp-content\/uploads\/2019\/12\/mujer-300x300.png 300w, https:\/\/cajacolon.com.ar\/wp-content\/uploads\/2019\/12\/mujer-350x350.png 350w, https:\/\/cajacolon.com.ar\/wp-content\/uploads\/2019\/12\/mujer.png 512w\" sizes=\"(max-width: 150px) 100vw, 150px\" \/>\t\t\t\t\t\t\t\t\t\t\t\t\t\t\t<\/div>\n\t\t\t\t<\/div>\n\t\t\t\t<div class=\"elementor-element elementor-element-a0f3c20 elementor-widget elementor-widget-heading\" data-id=\"a0f3c20\" data-element_type=\"widget\" data-widget_type=\"heading.default\">\n\t\t\t\t<div class=\"elementor-widget-container\">\n\t\t\t\t\t<h3 class=\"elementor-heading-title elementor-size-default\">BENAY CLARISA<\/h3>\t\t\t\t<\/div>\n\t\t\t\t<\/div>\n\t\t\t\t<div class=\"elementor-element elementor-element-3362e7c elementor-widget elementor-widget-heading\" data-id=\"3362e7c\" data-element_type=\"widget\" data-widget_type=\"heading.default\">\n\t\t\t\t<div class=\"elementor-widget-container\">\n\t\t\t\t\t<p class=\"elementor-heading-title elementor-size-default\">SECRETARIO<\/p>\t\t\t\t<\/div>\n\t\t\t\t<\/div>\n\t\t\t\t\t<\/div>\n\t\t<\/div>\n\t\t\t\t\t<\/div>\n\t\t<\/section>\n\t\t\t\t<section class=\"elementor-section elementor-inner-section elementor-element elementor-element-2766726 elementor-section-boxed elementor-section-height-default elementor-section-height-default\" data-id=\"2766726\" data-element_type=\"section\">\n\t\t\t\t\t\t<div class=\"elementor-container elementor-column-gap-default\">\n\t\t\t\t\t<div class=\"elementor-column elementor-col-16 elementor-inner-column elementor-element elementor-element-f91c8aa\" data-id=\"f91c8aa\" data-element_type=\"column\">\n\t\t\t<div class=\"elementor-widget-wrap elementor-element-populated\">\n\t\t\t\t\t\t<div class=\"elementor-element elementor-element-dedea40 elementor-widget elementor-widget-image\" data-id=\"dedea40\" data-element_type=\"widget\" data-widget_type=\"image.default\">\n\t\t\t\t<div class=\"elementor-widget-container\">\n\t\t\t\t\t\t\t\t\t\t\t\t\t\t\t<img decoding=\"async\" width=\"150\" height=\"150\" src=\"https:\/\/cajacolon.com.ar\/wp-content\/uploads\/2019\/12\/mujer-150x150.png\" class=\"attachment-thumbnail size-thumbnail wp-image-629\" alt=\"\" srcset=\"https:\/\/cajacolon.com.ar\/wp-content\/uploads\/2019\/12\/mujer-150x150.png 150w, https:\/\/cajacolon.com.ar\/wp-content\/uploads\/2019\/12\/mujer-300x300.png 300w, https:\/\/cajacolon.com.ar\/wp-content\/uploads\/2019\/12\/mujer-350x350.png 350w, https:\/\/cajacolon.com.ar\/wp-content\/uploads\/2019\/12\/mujer.png 512w\" sizes=\"(max-width: 150px) 100vw, 150px\" \/>\t\t\t\t\t\t\t\t\t\t\t\t\t\t\t<\/div>\n\t\t\t\t<\/div>\n\t\t\t\t<div class=\"elementor-element elementor-element-d4db93e elementor-widget elementor-widget-heading\" data-id=\"d4db93e\" data-element_type=\"widget\" data-widget_type=\"heading.default\">\n\t\t\t\t<div class=\"elementor-widget-container\">\n\t\t\t\t\t<h3 class=\"elementor-heading-title elementor-size-default\">LANCHEZ ESTELA<\/h3>\t\t\t\t<\/div>\n\t\t\t\t<\/div>\n\t\t\t\t<div class=\"elementor-element elementor-element-ea1be9c elementor-widget elementor-widget-heading\" data-id=\"ea1be9c\" data-element_type=\"widget\" data-widget_type=\"heading.default\">\n\t\t\t\t<div class=\"elementor-widget-container\">\n\t\t\t\t\t<p class=\"elementor-heading-title elementor-size-default\">1.<sup>er<\/sup> Vocal<\/p>\t\t\t\t<\/div>\n\t\t\t\t<\/div>\n\t\t\t\t\t<\/div>\n\t\t<\/div>\n\t\t\t\t<div class=\"elementor-column elementor-col-16 elementor-inner-column elementor-element elementor-element-4db432e\" data-id=\"4db432e\" data-element_type=\"column\">\n\t\t\t<div class=\"elementor-widget-wrap elementor-element-populated\">\n\t\t\t\t\t\t<div class=\"elementor-element elementor-element-1edbe41 elementor-widget elementor-widget-image\" data-id=\"1edbe41\" data-element_type=\"widget\" data-widget_type=\"image.default\">\n\t\t\t\t<div class=\"elementor-widget-container\">\n\t\t\t\t\t\t\t\t\t\t\t\t\t\t\t<img decoding=\"async\" width=\"150\" height=\"150\" src=\"https:\/\/cajacolon.com.ar\/wp-content\/uploads\/2019\/12\/chico-150x150.png\" class=\"attachment-thumbnail size-thumbnail wp-image-630\" alt=\"\" srcset=\"https:\/\/cajacolon.com.ar\/wp-content\/uploads\/2019\/12\/chico-150x150.png 150w, https:\/\/cajacolon.com.ar\/wp-content\/uploads\/2019\/12\/chico-300x300.png 300w, https:\/\/cajacolon.com.ar\/wp-content\/uploads\/2019\/12\/chico-350x350.png 350w, https:\/\/cajacolon.com.ar\/wp-content\/uploads\/2019\/12\/chico.png 512w\" sizes=\"(max-width: 150px) 100vw, 150px\" \/>\t\t\t\t\t\t\t\t\t\t\t\t\t\t\t<\/div>\n\t\t\t\t<\/div>\n\t\t\t\t<div class=\"elementor-element elementor-element-abea5a2 elementor-widget elementor-widget-heading\" data-id=\"abea5a2\" data-element_type=\"widget\" data-widget_type=\"heading.default\">\n\t\t\t\t<div class=\"elementor-widget-container\">\n\t\t\t\t\t<h3 class=\"elementor-heading-title elementor-size-default\">VILLALBA JUAN PABLO<\/h3>\t\t\t\t<\/div>\n\t\t\t\t<\/div>\n\t\t\t\t<div class=\"elementor-element elementor-element-57c66a1 elementor-widget elementor-widget-heading\" data-id=\"57c66a1\" data-element_type=\"widget\" data-widget_type=\"heading.default\">\n\t\t\t\t<div class=\"elementor-widget-container\">\n\t\t\t\t\t<p class=\"elementor-heading-title elementor-size-default\">2.<sup>o<\/sup> Vocal<\/p>\t\t\t\t<\/div>\n\t\t\t\t<\/div>\n\t\t\t\t\t<\/div>\n\t\t<\/div>\n\t\t\t\t<div class=\"elementor-column elementor-col-16 elementor-inner-column elementor-element elementor-element-41e7a57\" data-id=\"41e7a57\" data-element_type=\"column\">\n\t\t\t<div class=\"elementor-widget-wrap elementor-element-populated\">\n\t\t\t\t\t\t<div class=\"elementor-element elementor-element-92a92a4 elementor-widget elementor-widget-image\" data-id=\"92a92a4\" data-element_type=\"widget\" data-widget_type=\"image.default\">\n\t\t\t\t<div class=\"elementor-widget-container\">\n\t\t\t\t\t\t\t\t\t\t\t\t\t\t\t<img decoding=\"async\" width=\"150\" height=\"150\" src=\"https:\/\/cajacolon.com.ar\/wp-content\/uploads\/2019\/12\/chico-150x150.png\" class=\"attachment-thumbnail size-thumbnail wp-image-630\" alt=\"\" srcset=\"https:\/\/cajacolon.com.ar\/wp-content\/uploads\/2019\/12\/chico-150x150.png 150w, https:\/\/cajacolon.com.ar\/wp-content\/uploads\/2019\/12\/chico-300x300.png 300w, https:\/\/cajacolon.com.ar\/wp-content\/uploads\/2019\/12\/chico-350x350.png 350w, https:\/\/cajacolon.com.ar\/wp-content\/uploads\/2019\/12\/chico.png 512w\" sizes=\"(max-width: 150px) 100vw, 150px\" \/>\t\t\t\t\t\t\t\t\t\t\t\t\t\t\t<\/div>\n\t\t\t\t<\/div>\n\t\t\t\t<div class=\"elementor-element elementor-element-86bc65b elementor-widget elementor-widget-heading\" data-id=\"86bc65b\" data-element_type=\"widget\" data-widget_type=\"heading.default\">\n\t\t\t\t<div class=\"elementor-widget-container\">\n\t\t\t\t\t<h3 class=\"elementor-heading-title elementor-size-default\">COVATO PABLO DANIEL<\/h3>\t\t\t\t<\/div>\n\t\t\t\t<\/div>\n\t\t\t\t<div class=\"elementor-element elementor-element-97b4c61 elementor-widget elementor-widget-heading\" data-id=\"97b4c61\" data-element_type=\"widget\" data-widget_type=\"heading.default\">\n\t\t\t\t<div class=\"elementor-widget-container\">\n\t\t\t\t\t<p class=\"elementor-heading-title elementor-size-default\">3.<sup>er<\/sup> Vocal<\/p>\t\t\t\t<\/div>\n\t\t\t\t<\/div>\n\t\t\t\t\t<\/div>\n\t\t<\/div>\n\t\t\t\t<div class=\"elementor-column elementor-col-16 elementor-inner-column elementor-element elementor-element-2257b06\" data-id=\"2257b06\" data-element_type=\"column\">\n\t\t\t<div class=\"elementor-widget-wrap elementor-element-populated\">\n\t\t\t\t\t\t<div class=\"elementor-element elementor-element-f22e3aa elementor-widget elementor-widget-image\" data-id=\"f22e3aa\" data-element_type=\"widget\" data-widget_type=\"image.default\">\n\t\t\t\t<div class=\"elementor-widget-container\">\n\t\t\t\t\t\t\t\t\t\t\t\t\t\t\t<img decoding=\"async\" width=\"150\" height=\"150\" src=\"https:\/\/cajacolon.com.ar\/wp-content\/uploads\/2019\/12\/mujer-150x150.png\" class=\"attachment-thumbnail size-thumbnail wp-image-629\" alt=\"\" srcset=\"https:\/\/cajacolon.com.ar\/wp-content\/uploads\/2019\/12\/mujer-150x150.png 150w, https:\/\/cajacolon.com.ar\/wp-content\/uploads\/2019\/12\/mujer-300x300.png 300w, https:\/\/cajacolon.com.ar\/wp-content\/uploads\/2019\/12\/mujer-350x350.png 350w, https:\/\/cajacolon.com.ar\/wp-content\/uploads\/2019\/12\/mujer.png 512w\" sizes=\"(max-width: 150px) 100vw, 150px\" \/>\t\t\t\t\t\t\t\t\t\t\t\t\t\t\t<\/div>\n\t\t\t\t<\/div>\n\t\t\t\t<div class=\"elementor-element elementor-element-8359a66 elementor-widget elementor-widget-heading\" data-id=\"8359a66\" data-element_type=\"widget\" data-widget_type=\"heading.default\">\n\t\t\t\t<div class=\"elementor-widget-container\">\n\t\t\t\t\t<h3 class=\"elementor-heading-title elementor-size-default\">ASCONA MAR\u00cdA CRISTINA<\/h3>\t\t\t\t<\/div>\n\t\t\t\t<\/div>\n\t\t\t\t<div class=\"elementor-element elementor-element-4be9aeb elementor-widget elementor-widget-heading\" data-id=\"4be9aeb\" data-element_type=\"widget\" data-widget_type=\"heading.default\">\n\t\t\t\t<div class=\"elementor-widget-container\">\n\t\t\t\t\t<p class=\"elementor-heading-title elementor-size-default\">4.<sup>o<\/sup> Vocal<\/p>\t\t\t\t<\/div>\n\t\t\t\t<\/div>\n\t\t\t\t\t<\/div>\n\t\t<\/div>\n\t\t\t\t<div class=\"elementor-column elementor-col-16 elementor-inner-column elementor-element elementor-element-2d29693\" data-id=\"2d29693\" data-element_type=\"column\">\n\t\t\t<div class=\"elementor-widget-wrap elementor-element-populated\">\n\t\t\t\t\t\t<div class=\"elementor-element elementor-element-3538230 elementor-widget elementor-widget-image\" data-id=\"3538230\" data-element_type=\"widget\" data-widget_type=\"image.default\">\n\t\t\t\t<div class=\"elementor-widget-container\">\n\t\t\t\t\t\t\t\t\t\t\t\t\t\t\t<img decoding=\"async\" width=\"150\" height=\"150\" src=\"https:\/\/cajacolon.com.ar\/wp-content\/uploads\/2019\/12\/chico-150x150.png\" class=\"attachment-thumbnail size-thumbnail wp-image-630\" alt=\"\" srcset=\"https:\/\/cajacolon.com.ar\/wp-content\/uploads\/2019\/12\/chico-150x150.png 150w, https:\/\/cajacolon.com.ar\/wp-content\/uploads\/2019\/12\/chico-300x300.png 300w, https:\/\/cajacolon.com.ar\/wp-content\/uploads\/2019\/12\/chico-350x350.png 350w, https:\/\/cajacolon.com.ar\/wp-content\/uploads\/2019\/12\/chico.png 512w\" sizes=\"(max-width: 150px) 100vw, 150px\" \/>\t\t\t\t\t\t\t\t\t\t\t\t\t\t\t<\/div>\n\t\t\t\t<\/div>\n\t\t\t\t<div class=\"elementor-element elementor-element-efe437e elementor-widget elementor-widget-heading\" data-id=\"efe437e\" data-element_type=\"widget\" data-widget_type=\"heading.default\">\n\t\t\t\t<div class=\"elementor-widget-container\">\n\t\t\t\t\t<h3 class=\"elementor-heading-title elementor-size-default\">MEDINA MART\u00cdN<\/h3>\t\t\t\t<\/div>\n\t\t\t\t<\/div>\n\t\t\t\t<div class=\"elementor-element elementor-element-37c277d elementor-widget elementor-widget-heading\" data-id=\"37c277d\" data-element_type=\"widget\" data-widget_type=\"heading.default\">\n\t\t\t\t<div class=\"elementor-widget-container\">\n\t\t\t\t\t<p class=\"elementor-heading-title elementor-size-default\">5.<sup>o<\/sup> Vocal<\/p>\t\t\t\t<\/div>\n\t\t\t\t<\/div>\n\t\t\t\t\t<\/div>\n\t\t<\/div>\n\t\t\t\t<div class=\"elementor-column elementor-col-16 elementor-inner-column elementor-element elementor-element-0957b5f\" data-id=\"0957b5f\" data-element_type=\"column\">\n\t\t\t<div class=\"elementor-widget-wrap elementor-element-populated\">\n\t\t\t\t\t\t<div class=\"elementor-element elementor-element-8f8c5a6 elementor-widget elementor-widget-image\" data-id=\"8f8c5a6\" data-element_type=\"widget\" data-widget_type=\"image.default\">\n\t\t\t\t<div class=\"elementor-widget-container\">\n\t\t\t\t\t\t\t\t\t\t\t\t\t\t\t<img decoding=\"async\" width=\"150\" height=\"150\" src=\"https:\/\/cajacolon.com.ar\/wp-content\/uploads\/2019\/12\/chico-150x150.png\" class=\"attachment-thumbnail size-thumbnail wp-image-630\" alt=\"\" srcset=\"https:\/\/cajacolon.com.ar\/wp-content\/uploads\/2019\/12\/chico-150x150.png 150w, https:\/\/cajacolon.com.ar\/wp-content\/uploads\/2019\/12\/chico-300x300.png 300w, https:\/\/cajacolon.com.ar\/wp-content\/uploads\/2019\/12\/chico-350x350.png 350w, https:\/\/cajacolon.com.ar\/wp-content\/uploads\/2019\/12\/chico.png 512w\" sizes=\"(max-width: 150px) 100vw, 150px\" \/>\t\t\t\t\t\t\t\t\t\t\t\t\t\t\t<\/div>\n\t\t\t\t<\/div>\n\t\t\t\t<div class=\"elementor-element elementor-element-1dad733 elementor-widget elementor-widget-heading\" data-id=\"1dad733\" data-element_type=\"widget\" data-widget_type=\"heading.default\">\n\t\t\t\t<div class=\"elementor-widget-container\">\n\t\t\t\t\t<h3 class=\"elementor-heading-title elementor-size-default\">KOLANKOWSKY DANIEL<\/h3>\t\t\t\t<\/div>\n\t\t\t\t<\/div>\n\t\t\t\t<div class=\"elementor-element elementor-element-7c0c63d elementor-widget elementor-widget-heading\" data-id=\"7c0c63d\" data-element_type=\"widget\" data-widget_type=\"heading.default\">\n\t\t\t\t<div class=\"elementor-widget-container\">\n\t\t\t\t\t<p class=\"elementor-heading-title elementor-size-default\">6.<sup>o<\/sup> Vocal<\/p>\t\t\t\t<\/div>\n\t\t\t\t<\/div>\n\t\t\t\t\t<\/div>\n\t\t<\/div>\n\t\t\t\t\t<\/div>\n\t\t<\/section>\n\t\t\t\t\t<\/div>\n\t\t<\/div>\n\t\t\t\t\t<\/div>\n\t\t<\/section>\n\t\t\t\t<section class=\"elementor-section elementor-top-section elementor-element elementor-element-5ebe2934 elementor-section-boxed elementor-section-height-default elementor-section-height-default\" data-id=\"5ebe2934\" data-element_type=\"section\">\n\t\t\t\t\t\t<div class=\"elementor-container elementor-column-gap-default\">\n\t\t\t\t\t<div class=\"elementor-column elementor-col-100 elementor-top-column elementor-element elementor-element-4a674bf8\" data-id=\"4a674bf8\" data-element_type=\"column\">\n\t\t\t<div class=\"elementor-widget-wrap elementor-element-populated\">\n\t\t\t\t\t\t<div class=\"elementor-element elementor-element-b9ca11f elementor-widget elementor-widget-spacer\" data-id=\"b9ca11f\" data-element_type=\"widget\" data-widget_type=\"spacer.default\">\n\t\t\t\t<div class=\"elementor-widget-container\">\n\t\t\t\t\t\t\t<div class=\"elementor-spacer\">\n\t\t\t<div class=\"elementor-spacer-inner\"><\/div>\n\t\t<\/div>\n\t\t\t\t\t\t<\/div>\n\t\t\t\t<\/div>\n\t\t\t\t<div class=\"elementor-element elementor-element-129d7040 elementor-widget-divider--view-line elementor-widget elementor-widget-divider\" data-id=\"129d7040\" data-element_type=\"widget\" data-widget_type=\"divider.default\">\n\t\t\t\t<div class=\"elementor-widget-container\">\n\t\t\t\t\t\t\t<div class=\"elementor-divider\">\n\t\t\t<span class=\"elementor-divider-separator\">\n\t\t\t\t\t\t<\/span>\n\t\t<\/div>\n\t\t\t\t\t\t<\/div>\n\t\t\t\t<\/div>\n\t\t\t\t<div class=\"elementor-element elementor-element-1329aa3d elementor-widget elementor-widget-text-editor\" data-id=\"1329aa3d\" data-element_type=\"widget\" data-widget_type=\"text-editor.default\">\n\t\t\t\t<div class=\"elementor-widget-container\">\n\t\t\t\t\t\t\t\t\t<p style=\"text-align: right;\" onclick=\"window.history.back()\"><a href=\"#\">Volver atr\u00e1s<\/a><\/p>\t\t\t\t\t\t\t\t<\/div>\n\t\t\t\t<\/div>\n\t\t\t\t<div class=\"elementor-element elementor-element-b1097f4 elementor-widget elementor-widget-spacer\" data-id=\"b1097f4\" data-element_type=\"widget\" data-widget_type=\"spacer.default\">\n\t\t\t\t<div class=\"elementor-widget-container\">\n\t\t\t\t\t\t\t<div class=\"elementor-spacer\">\n\t\t\t<div class=\"elementor-spacer-inner\"><\/div>\n\t\t<\/div>\n\t\t\t\t\t\t<\/div>\n\t\t\t\t<\/div>\n\t\t\t\t\t<\/div>\n\t\t<\/div>\n\t\t\t\t\t<\/div>\n\t\t<\/section>\n\t\t\t\t<\/div>\n\t\t","protected":false},"excerpt":{"rendered":"<p>NUESTRAS AUTORIDADES AGUILAR TERESA BEATRIZ PRESIDENTE BONVIN WALTER FRANCISCO VICEPRESIDENTE BENAY CLARISA SECRETARIO LANCHEZ ESTELA 1.er Vocal VILLALBA JUAN PABLO 2.o Vocal COVATO PABLO DANIEL 3.er Vocal ASCONA MAR\u00cdA CRISTINA 4.o Vocal MEDINA MART\u00cdN 5.o Vocal KOLANKOWSKY DANIEL 6.o Vocal Volver atr\u00e1s<\/p>\n","protected":false},"author":1,"featured_media":0,"parent":0,"menu_order":0,"comment_status":"closed","ping_status":"closed","template":"page-templates\/pagebuilder.php","meta":{"zakra_sidebar_layout":"stretched","zakra_remove_content_margin":false,"zakra_sidebar":"customizer","zakra_transparent_header":"1","zakra_logo":0,"zakra_main_header_style":"default","zakra_menu_item_color":"","zakra_menu_item_hover_color":"","zakra_menu_item_active_color":"","zakra_menu_active_style":"","zakra_page_header":true,"footnotes":""},"class_list":["post-442","page","type-page","status-publish","hentry"],"_links":{"self":[{"href":"https:\/\/cajacolon.com.ar\/index.php?rest_route=\/wp\/v2\/pages\/442","targetHints":{"allow":["GET"]}}],"collection":[{"href":"https:\/\/cajacolon.com.ar\/index.php?rest_route=\/wp\/v2\/pages"}],"about":[{"href":"https:\/\/cajacolon.com.ar\/index.php?rest_route=\/wp\/v2\/types\/page"}],"author":[{"embeddable":true,"href":"https:\/\/cajacolon.com.ar\/index.php?rest_route=\/wp\/v2\/users\/1"}],"replies":[{"embeddable":true,"href":"https:\/\/cajacolon.com.ar\/index.php?rest_route=%2Fwp%2Fv2%2Fcomments&post=442"}],"version-history":[{"count":27,"href":"https:\/\/cajacolon.com.ar\/index.php?rest_route=\/wp\/v2\/pages\/442\/revisions"}],"predecessor-version":[{"id":887,"href":"https:\/\/cajacolon.com.ar\/index.php?rest_route=\/wp\/v2\/pages\/442\/revisions\/887"}],"wp:attachment":[{"href":"https:\/\/cajacolon.com.ar\/index.php?rest_route=%2Fwp%2Fv2%2Fmedia&parent=442"}],"curies":[{"name":"wp","href":"https:\/\/api.w.org\/{rel}","templated":true}]}}