{"id":443,"date":"2019-06-05T09:37:40","date_gmt":"2019-06-05T09:37:40","guid":{"rendered":"http:\/\/distinct-otter.w6.wpsandbox.pro\/?page_id=12"},"modified":"2021-06-05T14:51:40","modified_gmt":"2021-06-05T17:51:40","slug":"faqs","status":"publish","type":"page","link":"https:\/\/cajacolon.com.ar\/?page_id=443","title":{"rendered":"Cr\u00e9ditos Personales"},"content":{"rendered":"\t\t<div data-elementor-type=\"wp-post\" data-elementor-id=\"443\" class=\"elementor elementor-443\">\n\t\t\t\t\t\t<section class=\"elementor-section elementor-top-section elementor-element elementor-element-cbe0625 elementor-section-boxed elementor-section-height-default elementor-section-height-default\" data-id=\"cbe0625\" data-element_type=\"section\">\n\t\t\t\t\t\t<div class=\"elementor-container elementor-column-gap-default\">\n\t\t\t\t\t<div class=\"elementor-column elementor-col-100 elementor-top-column elementor-element elementor-element-164833b\" data-id=\"164833b\" data-element_type=\"column\">\n\t\t\t<div class=\"elementor-widget-wrap elementor-element-populated\">\n\t\t\t\t\t\t<div class=\"elementor-element elementor-element-28c6f5d elementor-widget elementor-widget-heading\" data-id=\"28c6f5d\" data-element_type=\"widget\" data-widget_type=\"heading.default\">\n\t\t\t\t<div class=\"elementor-widget-container\">\n\t\t\t\t\t<h2 class=\"elementor-heading-title elementor-size-default\">Requisitos para obtener tu cr\u00e9dito personal<\/h2>\t\t\t\t<\/div>\n\t\t\t\t<\/div>\n\t\t\t\t<div class=\"elementor-element elementor-element-40da6d3 elementor-widget elementor-widget-accordion\" data-id=\"40da6d3\" data-element_type=\"widget\" data-widget_type=\"accordion.default\">\n\t\t\t\t<div class=\"elementor-widget-container\">\n\t\t\t\t\t\t\t<div class=\"elementor-accordion\">\n\t\t\t\t\t\t\t<div class=\"elementor-accordion-item\">\n\t\t\t\t\t<div id=\"elementor-tab-title-6801\" class=\"elementor-tab-title\" data-tab=\"1\" role=\"button\" aria-controls=\"elementor-tab-content-6801\" aria-expanded=\"false\">\n\t\t\t\t\t\t\t\t\t\t\t\t\t<span class=\"elementor-accordion-icon elementor-accordion-icon-left\" aria-hidden=\"true\">\n\t\t\t\t\t\t\t\t\t\t\t\t\t\t\t<span class=\"elementor-accordion-icon-closed\"><i class=\"fas fa-plus-circle\"><\/i><\/span>\n\t\t\t\t\t\t\t\t<span class=\"elementor-accordion-icon-opened\"><i class=\"fas fa-minus-circle\"><\/i><\/span>\n\t\t\t\t\t\t\t\t\t\t\t\t\t\t<\/span>\n\t\t\t\t\t\t\t\t\t\t\t\t<a class=\"elementor-accordion-title\" tabindex=\"0\">JUBILADOS  -  LINEA 1 (Garante planta permanente municipal)<\/a>\n\t\t\t\t\t<\/div>\n\t\t\t\t\t<div id=\"elementor-tab-content-6801\" class=\"elementor-tab-content elementor-clearfix\" data-tab=\"1\" role=\"region\" aria-labelledby=\"elementor-tab-title-6801\"><div class=\"elementor-element elementor-element-c7214f3 elementor-widget elementor-widget-text-editor\" data-id=\"c7214f3\" data-element_type=\"widget\" data-widget_type=\"text-editor.default\"><div class=\"elementor-widget-container\"><div class=\"elementor-text-editor elementor-clearfix\"><h5 style=\"padding-left: 40px;\">DOCUMENTACI\u00d3N PERSONAL<\/h5><ul><li style=\"list-style-type: none;\"><ul><li style=\"list-style-type: none;\"><ul><li>\u00daltimo recibo de sueldo<\/li><li>DNI<\/li><li>DNI del conyugue<\/li><li>Certificaci\u00f3n de estado civil (Acta de Matrimonio o Libreta de Familia, Informaci\u00f3n Sumaria de Concubinato o DDJJ con firma certificada si es soltero\/a)<\/li><\/ul><\/li><\/ul><\/li><\/ul><h5 style=\"padding-left: 40px;\">DOCUMENTACI\u00d3N GARANT\u00cdA<\/h5><ul><li style=\"list-style-type: none;\"><ul><li style=\"list-style-type: none;\"><ul><li>\u00daltimo recibo de sueldo<\/li><li>DNI\u200b<\/li><\/ul><\/li><\/ul><\/li><\/ul><\/div><\/div><\/div><\/div>\n\t\t\t\t<\/div>\n\t\t\t\t\t\t\t<div class=\"elementor-accordion-item\">\n\t\t\t\t\t<div id=\"elementor-tab-title-6802\" class=\"elementor-tab-title\" data-tab=\"2\" role=\"button\" aria-controls=\"elementor-tab-content-6802\" aria-expanded=\"false\">\n\t\t\t\t\t\t\t\t\t\t\t\t\t<span class=\"elementor-accordion-icon elementor-accordion-icon-left\" aria-hidden=\"true\">\n\t\t\t\t\t\t\t\t\t\t\t\t\t\t\t<span class=\"elementor-accordion-icon-closed\"><i class=\"fas fa-plus-circle\"><\/i><\/span>\n\t\t\t\t\t\t\t\t<span class=\"elementor-accordion-icon-opened\"><i class=\"fas fa-minus-circle\"><\/i><\/span>\n\t\t\t\t\t\t\t\t\t\t\t\t\t\t<\/span>\n\t\t\t\t\t\t\t\t\t\t\t\t<a class=\"elementor-accordion-title\" tabindex=\"0\">JUBILADOS  -  LINEA 2 (Garante no municipal)<\/a>\n\t\t\t\t\t<\/div>\n\t\t\t\t\t<div id=\"elementor-tab-content-6802\" class=\"elementor-tab-content elementor-clearfix\" data-tab=\"2\" role=\"region\" aria-labelledby=\"elementor-tab-title-6802\"><h5 style=\"padding-left: 40px;\">DOCUMENTACI\u00d3N PERSONAL<\/h5><ul><li style=\"list-style-type: none;\"><ul><li style=\"list-style-type: none;\"><ul style=\"color: #7a7a7a;\"><li>\u00daltimo recibo de sueldo<\/li><li>DNI<\/li><li>DNI del conyugue<\/li><li>Certificaci\u00f3n de estado civil (Acta de Matrimonio o Libreta de Familia, Informaci\u00f3n Sumaria de Concubinato o DDJJ con firma certificada si es soltero\/a)<\/li><\/ul><\/li><\/ul><\/li><\/ul><h5 style=\"padding-left: 40px;\">DOCUMENTACI\u00d3N GARANT\u00cdA (EDAD M\u00c1XIMA DE 60 A\u00d1OS)<\/h5><ul><li style=\"list-style-type: none;\"><ul><li style=\"list-style-type: none;\"><ul style=\"color: #7a7a7a;\"><li>\u00daltimo recibo de sueldo (Empleo p\u00fablico 1 a\u00f1o de antig\u00fcedad &#8211; Empleo privado 3 a\u00f1os de antig\u00fcedad).<\/li><li>DNI<\/li><\/ul><\/li><\/ul><\/li><\/ul><\/div>\n\t\t\t\t<\/div>\n\t\t\t\t\t\t\t<div class=\"elementor-accordion-item\">\n\t\t\t\t\t<div id=\"elementor-tab-title-6803\" class=\"elementor-tab-title\" data-tab=\"3\" role=\"button\" aria-controls=\"elementor-tab-content-6803\" aria-expanded=\"false\">\n\t\t\t\t\t\t\t\t\t\t\t\t\t<span class=\"elementor-accordion-icon elementor-accordion-icon-left\" aria-hidden=\"true\">\n\t\t\t\t\t\t\t\t\t\t\t\t\t\t\t<span class=\"elementor-accordion-icon-closed\"><i class=\"fas fa-plus-circle\"><\/i><\/span>\n\t\t\t\t\t\t\t\t<span class=\"elementor-accordion-icon-opened\"><i class=\"fas fa-minus-circle\"><\/i><\/span>\n\t\t\t\t\t\t\t\t\t\t\t\t\t\t<\/span>\n\t\t\t\t\t\t\t\t\t\t\t\t<a class=\"elementor-accordion-title\" tabindex=\"0\">JUBILADOS - LINEA 3 (Cr\u00e9dito asistencial)<\/a>\n\t\t\t\t\t<\/div>\n\t\t\t\t\t<div id=\"elementor-tab-content-6803\" class=\"elementor-tab-content elementor-clearfix\" data-tab=\"3\" role=\"region\" aria-labelledby=\"elementor-tab-title-6803\"><h5 style=\"padding-left: 40px;\">DOCUMENTACI\u00d3N PERSONAL<\/h5><ul style=\"color: #7a7a7a;\"><li style=\"list-style-type: none;\"><ul><li style=\"list-style-type: none;\"><ul><li>\u00daltimo recibo de sueldo<\/li><li>DNI<\/li><li>DNI del conyugue<\/li><li>Certificaci\u00f3n de estado civil (Acta de Matrimonio o Libreta de Familia, Informaci\u00f3n Sumaria de Concubinato o DDJJ con firma certificada si es soltero\/a)<\/li><li>Certificado M\u00e9dico con diagn\u00f3stico (donde conste la necesidad de percibir asistencia y\/o tratamiento por parte del solicitante o de su c\u00f3nyuge o conviviente)<\/li><li>Manifestaci\u00f3n por escrito del destino de los fondos solicitados<\/li><\/ul><\/li><\/ul><\/li><\/ul><\/div>\n\t\t\t\t<\/div>\n\t\t\t\t\t\t\t<div class=\"elementor-accordion-item\">\n\t\t\t\t\t<div id=\"elementor-tab-title-6804\" class=\"elementor-tab-title\" data-tab=\"4\" role=\"button\" aria-controls=\"elementor-tab-content-6804\" aria-expanded=\"false\">\n\t\t\t\t\t\t\t\t\t\t\t\t\t<span class=\"elementor-accordion-icon elementor-accordion-icon-left\" aria-hidden=\"true\">\n\t\t\t\t\t\t\t\t\t\t\t\t\t\t\t<span class=\"elementor-accordion-icon-closed\"><i class=\"fas fa-plus-circle\"><\/i><\/span>\n\t\t\t\t\t\t\t\t<span class=\"elementor-accordion-icon-opened\"><i class=\"fas fa-minus-circle\"><\/i><\/span>\n\t\t\t\t\t\t\t\t\t\t\t\t\t\t<\/span>\n\t\t\t\t\t\t\t\t\t\t\t\t<a class=\"elementor-accordion-title\" tabindex=\"0\">EMPLEADOS MUNICIPALES  -  LINEA 1 <\/a>\n\t\t\t\t\t<\/div>\n\t\t\t\t\t<div id=\"elementor-tab-content-6804\" class=\"elementor-tab-content elementor-clearfix\" data-tab=\"4\" role=\"region\" aria-labelledby=\"elementor-tab-title-6804\"><h5 style=\"padding-left: 40px;\">DOCUMENTACI\u00d3N PERSONAL<\/h5><ul><li style=\"list-style-type: none;\"><ul><li style=\"list-style-type: none;\"><ul style=\"color: #7a7a7a;\"><li>\u00daltimo recibo de sueldo<\/li><li>DNI<\/li><li>DNI del conyugue<\/li><li>Certificaci\u00f3n de estado civil (Acta de Matrimonio o Libreta de Familia, Informaci\u00f3n Sumaria de Concubinato o DDJJ con firma certificada si es soltero\/a)<\/li><li>Copia legalizada de contrato actual (Para el personal contratado)<\/li><li>Constancia m\u00e1s de 5 (cinco) a\u00f1os de trabajo (Para el personal contratado)<\/li><\/ul><\/li><\/ul><\/li><\/ul><h5 style=\"padding-left: 40px;\">DOCUMENTACI\u00d3N GARANT\u00cdA (Planta permanente municipalidad)<\/h5><ul><li style=\"list-style-type: none;\"><ul><li style=\"list-style-type: none;\"><ul style=\"color: #7a7a7a;\"><li>\u00daltimo recibo de sueldo<\/li><li>DNI<\/li><\/ul><\/li><\/ul><\/li><\/ul><\/div>\n\t\t\t\t<\/div>\n\t\t\t\t\t\t\t\t<\/div>\n\t\t\t\t\t\t<\/div>\n\t\t\t\t<\/div>\n\t\t\t\t\t<\/div>\n\t\t<\/div>\n\t\t\t\t\t<\/div>\n\t\t<\/section>\n\t\t\t\t<section class=\"elementor-section elementor-top-section elementor-element elementor-element-11952ed4 elementor-section-boxed elementor-section-height-default elementor-section-height-default\" data-id=\"11952ed4\" data-element_type=\"section\">\n\t\t\t\t\t\t<div class=\"elementor-container elementor-column-gap-default\">\n\t\t\t\t\t<div class=\"elementor-column elementor-col-100 elementor-top-column elementor-element elementor-element-3f782c02\" data-id=\"3f782c02\" data-element_type=\"column\">\n\t\t\t<div class=\"elementor-widget-wrap elementor-element-populated\">\n\t\t\t\t\t\t<div class=\"elementor-element elementor-element-3570b360 elementor-widget elementor-widget-spacer\" data-id=\"3570b360\" data-element_type=\"widget\" data-widget_type=\"spacer.default\">\n\t\t\t\t<div class=\"elementor-widget-container\">\n\t\t\t\t\t\t\t<div class=\"elementor-spacer\">\n\t\t\t<div class=\"elementor-spacer-inner\"><\/div>\n\t\t<\/div>\n\t\t\t\t\t\t<\/div>\n\t\t\t\t<\/div>\n\t\t\t\t<div class=\"elementor-element elementor-element-bc18b76 elementor-widget-divider--view-line elementor-widget elementor-widget-divider\" data-id=\"bc18b76\" data-element_type=\"widget\" data-widget_type=\"divider.default\">\n\t\t\t\t<div class=\"elementor-widget-container\">\n\t\t\t\t\t\t\t<div class=\"elementor-divider\">\n\t\t\t<span class=\"elementor-divider-separator\">\n\t\t\t\t\t\t<\/span>\n\t\t<\/div>\n\t\t\t\t\t\t<\/div>\n\t\t\t\t<\/div>\n\t\t\t\t<div class=\"elementor-element elementor-element-591318eb elementor-widget elementor-widget-text-editor\" data-id=\"591318eb\" data-element_type=\"widget\" data-widget_type=\"text-editor.default\">\n\t\t\t\t<div class=\"elementor-widget-container\">\n\t\t\t\t\t\t\t\t\t<p style=\"text-align: right;\" onclick=\"window.history.back()\"><a href=\"#\">Volver atr\u00e1s<\/a><\/p>\t\t\t\t\t\t\t\t<\/div>\n\t\t\t\t<\/div>\n\t\t\t\t<div class=\"elementor-element elementor-element-12ece1d elementor-widget elementor-widget-spacer\" data-id=\"12ece1d\" data-element_type=\"widget\" data-widget_type=\"spacer.default\">\n\t\t\t\t<div class=\"elementor-widget-container\">\n\t\t\t\t\t\t\t<div class=\"elementor-spacer\">\n\t\t\t<div class=\"elementor-spacer-inner\"><\/div>\n\t\t<\/div>\n\t\t\t\t\t\t<\/div>\n\t\t\t\t<\/div>\n\t\t\t\t\t<\/div>\n\t\t<\/div>\n\t\t\t\t\t<\/div>\n\t\t<\/section>\n\t\t\t\t<\/div>\n\t\t","protected":false},"excerpt":{"rendered":"<p>Requisitos para obtener tu cr\u00e9dito personal JUBILADOS &#8211; LINEA 1 (Garante planta permanente municipal) DOCUMENTACI\u00d3N PERSONAL \u00daltimo recibo de sueldo DNI DNI del conyugue Certificaci\u00f3n de estado civil (Acta de Matrimonio o Libreta de Familia, Informaci\u00f3n Sumaria de Concubinato o DDJJ con firma certificada si es soltero\/a) DOCUMENTACI\u00d3N GARANT\u00cdA \u00daltimo recibo de sueldo DNI\u200b JUBILADOS [&hellip;]<\/p>\n","protected":false},"author":1,"featured_media":0,"parent":0,"menu_order":0,"comment_status":"closed","ping_status":"closed","template":"","meta":{"zakra_sidebar_layout":"stretched","zakra_remove_content_margin":false,"zakra_sidebar":"customizer","zakra_transparent_header":"1","zakra_logo":0,"zakra_main_header_style":"default","zakra_menu_item_color":"","zakra_menu_item_hover_color":"","zakra_menu_item_active_color":"","zakra_menu_active_style":"","zakra_page_header":true,"footnotes":""},"class_list":["post-443","page","type-page","status-publish","hentry"],"_links":{"self":[{"href":"https:\/\/cajacolon.com.ar\/index.php?rest_route=\/wp\/v2\/pages\/443","targetHints":{"allow":["GET"]}}],"collection":[{"href":"https:\/\/cajacolon.com.ar\/index.php?rest_route=\/wp\/v2\/pages"}],"about":[{"href":"https:\/\/cajacolon.com.ar\/index.php?rest_route=\/wp\/v2\/types\/page"}],"author":[{"embeddable":true,"href":"https:\/\/cajacolon.com.ar\/index.php?rest_route=\/wp\/v2\/users\/1"}],"replies":[{"embeddable":true,"href":"https:\/\/cajacolon.com.ar\/index.php?rest_route=%2Fwp%2Fv2%2Fcomments&post=443"}],"version-history":[{"count":13,"href":"https:\/\/cajacolon.com.ar\/index.php?rest_route=\/wp\/v2\/pages\/443\/revisions"}],"predecessor-version":[{"id":845,"href":"https:\/\/cajacolon.com.ar\/index.php?rest_route=\/wp\/v2\/pages\/443\/revisions\/845"}],"wp:attachment":[{"href":"https:\/\/cajacolon.com.ar\/index.php?rest_route=%2Fwp%2Fv2%2Fmedia&parent=443"}],"curies":[{"name":"wp","href":"https:\/\/api.w.org\/{rel}","templated":true}]}}