{"id":557,"date":"2019-10-27T21:53:48","date_gmt":"2019-10-27T21:53:48","guid":{"rendered":"https:\/\/cajacolon.mlejman.com.ar\/?page_id=557"},"modified":"2023-08-05T15:41:42","modified_gmt":"2023-08-05T18:41:42","slug":"jubilaciones","status":"publish","type":"page","link":"https:\/\/cajacolon.com.ar\/?page_id=557","title":{"rendered":"Jubilaciones"},"content":{"rendered":"\t\t<div data-elementor-type=\"wp-page\" data-elementor-id=\"557\" class=\"elementor elementor-557\">\n\t\t\t\t\t\t<section class=\"elementor-section elementor-top-section elementor-element elementor-element-fec7553 elementor-section-boxed elementor-section-height-default elementor-section-height-default\" data-id=\"fec7553\" data-element_type=\"section\">\n\t\t\t\t\t\t<div class=\"elementor-container elementor-column-gap-default\">\n\t\t\t\t\t<div class=\"elementor-column elementor-col-100 elementor-top-column elementor-element elementor-element-24b0f72\" data-id=\"24b0f72\" data-element_type=\"column\">\n\t\t\t<div class=\"elementor-widget-wrap elementor-element-populated\">\n\t\t\t\t\t\t<div class=\"elementor-element elementor-element-b6b30ad elementor-widget elementor-widget-spacer\" data-id=\"b6b30ad\" data-element_type=\"widget\" data-widget_type=\"spacer.default\">\n\t\t\t\t<div class=\"elementor-widget-container\">\n\t\t\t\t\t\t\t<div class=\"elementor-spacer\">\n\t\t\t<div class=\"elementor-spacer-inner\"><\/div>\n\t\t<\/div>\n\t\t\t\t\t\t<\/div>\n\t\t\t\t<\/div>\n\t\t\t\t\t<\/div>\n\t\t<\/div>\n\t\t\t\t\t<\/div>\n\t\t<\/section>\n\t\t\t\t<section class=\"elementor-section elementor-top-section elementor-element elementor-element-a29e890 elementor-section-boxed elementor-section-height-default elementor-section-height-default\" data-id=\"a29e890\" data-element_type=\"section\">\n\t\t\t\t\t\t<div class=\"elementor-container elementor-column-gap-default\">\n\t\t\t\t\t<div class=\"elementor-column elementor-col-100 elementor-top-column elementor-element elementor-element-bc1d638\" data-id=\"bc1d638\" data-element_type=\"column\">\n\t\t\t<div class=\"elementor-widget-wrap elementor-element-populated\">\n\t\t\t\t\t\t<div class=\"elementor-element elementor-element-5f16548 elementor-widget elementor-widget-heading\" data-id=\"5f16548\" data-element_type=\"widget\" data-widget_type=\"heading.default\">\n\t\t\t\t<div class=\"elementor-widget-container\">\n\t\t\t\t\t<h2 class=\"elementor-heading-title elementor-size-default\">Informaci\u00f3n Importante<\/h2>\t\t\t\t<\/div>\n\t\t\t\t<\/div>\n\t\t\t\t<div class=\"elementor-element elementor-element-39af45b elementor-widget elementor-widget-text-editor\" data-id=\"39af45b\" data-element_type=\"widget\" data-widget_type=\"text-editor.default\">\n\t\t\t\t<div class=\"elementor-widget-container\">\n\t\t\t\t\t\t\t\t\t<p><strong>Se podr\u00e1 solicitar el formulario y la documentaci\u00f3n requerida antes de cumplir la edad de jubilaci\u00f3n. La presentaci\u00f3n formal ante la Caja de Jubilaciones se deber\u00e1 realizar una vez cumplida la edad que otorga el derecho al beneficio.<\/strong><\/p>\t\t\t\t\t\t\t\t<\/div>\n\t\t\t\t<\/div>\n\t\t\t\t\t<\/div>\n\t\t<\/div>\n\t\t\t\t\t<\/div>\n\t\t<\/section>\n\t\t\t\t<section class=\"elementor-section elementor-top-section elementor-element elementor-element-ae7b7dd elementor-section-boxed elementor-section-height-default elementor-section-height-default\" data-id=\"ae7b7dd\" data-element_type=\"section\">\n\t\t\t\t\t\t<div class=\"elementor-container elementor-column-gap-default\">\n\t\t\t\t\t<div class=\"elementor-column elementor-col-100 elementor-top-column elementor-element elementor-element-e8b0ab6\" data-id=\"e8b0ab6\" data-element_type=\"column\">\n\t\t\t<div class=\"elementor-widget-wrap elementor-element-populated\">\n\t\t\t\t\t\t<div class=\"elementor-element elementor-element-9dc0f5b elementor-widget elementor-widget-heading\" data-id=\"9dc0f5b\" data-element_type=\"widget\" data-widget_type=\"heading.default\">\n\t\t\t\t<div class=\"elementor-widget-container\">\n\t\t\t\t\t<h2 class=\"elementor-heading-title elementor-size-default\">Requisitos para obtener tu jubilaci\u00f3n<\/h2>\t\t\t\t<\/div>\n\t\t\t\t<\/div>\n\t\t\t\t<div class=\"elementor-element elementor-element-9513164 elementor-widget elementor-widget-accordion\" data-id=\"9513164\" data-element_type=\"widget\" data-widget_type=\"accordion.default\">\n\t\t\t\t<div class=\"elementor-widget-container\">\n\t\t\t\t\t\t\t<div class=\"elementor-accordion\">\n\t\t\t\t\t\t\t<div class=\"elementor-accordion-item\">\n\t\t\t\t\t<div id=\"elementor-tab-title-1561\" class=\"elementor-tab-title\" data-tab=\"1\" role=\"button\" aria-controls=\"elementor-tab-content-1561\" aria-expanded=\"false\">\n\t\t\t\t\t\t\t\t\t\t\t\t\t<span class=\"elementor-accordion-icon elementor-accordion-icon-left\" aria-hidden=\"true\">\n\t\t\t\t\t\t\t\t\t\t\t\t\t\t\t<span class=\"elementor-accordion-icon-closed\"><i class=\"fas fa-plus-circle\"><\/i><\/span>\n\t\t\t\t\t\t\t\t<span class=\"elementor-accordion-icon-opened\"><i class=\"fas fa-minus-circle\"><\/i><\/span>\n\t\t\t\t\t\t\t\t\t\t\t\t\t\t<\/span>\n\t\t\t\t\t\t\t\t\t\t\t\t<a class=\"elementor-accordion-title\" tabindex=\"0\">Jubilaci\u00f3n Ordinaria<\/a>\n\t\t\t\t\t<\/div>\n\t\t\t\t\t<div id=\"elementor-tab-content-1561\" class=\"elementor-tab-content elementor-clearfix\" data-tab=\"1\" role=\"region\" aria-labelledby=\"elementor-tab-title-1561\"><div class=\"elementor-element elementor-element-c7214f3 elementor-widget elementor-widget-text-editor\" data-id=\"c7214f3\" data-element_type=\"widget\" data-widget_type=\"text-editor.default\"><div class=\"elementor-widget-container\"><div class=\"elementor-text-editor elementor-clearfix\"><h5 style=\"padding-left: 40px;\">DOCUMENTACI\u00d3N PERSONAL<\/h5><ul><li style=\"list-style-type: none;\"><ul><li style=\"list-style-type: none;\"><ul><li>Edad<ul><li>Mujeres: 57<b>*<\/b> a\u00f1os<\/li><li>Hombres: 62<b>*<\/b> a\u00f1os<\/li><\/ul><\/li><li>A\u00f1os de aportes: m\u00ednimo 30 a\u00f1os de servicios con aportes a la Caja Municipal de Jubilaciones y Pensiones<\/li><\/ul><\/li><\/ul><\/li><\/ul><p style=\"padding-left: 40px;\"><em><b>*edad m\u00ednima requerida para la realizaci\u00f3n del tramite<\/b><\/em><\/p><\/div><\/div><\/div><\/div>\n\t\t\t\t<\/div>\n\t\t\t\t\t\t\t<div class=\"elementor-accordion-item\">\n\t\t\t\t\t<div id=\"elementor-tab-title-1562\" class=\"elementor-tab-title\" data-tab=\"2\" role=\"button\" aria-controls=\"elementor-tab-content-1562\" aria-expanded=\"false\">\n\t\t\t\t\t\t\t\t\t\t\t\t\t<span class=\"elementor-accordion-icon elementor-accordion-icon-left\" aria-hidden=\"true\">\n\t\t\t\t\t\t\t\t\t\t\t\t\t\t\t<span class=\"elementor-accordion-icon-closed\"><i class=\"fas fa-plus-circle\"><\/i><\/span>\n\t\t\t\t\t\t\t\t<span class=\"elementor-accordion-icon-opened\"><i class=\"fas fa-minus-circle\"><\/i><\/span>\n\t\t\t\t\t\t\t\t\t\t\t\t\t\t<\/span>\n\t\t\t\t\t\t\t\t\t\t\t\t<a class=\"elementor-accordion-title\" tabindex=\"0\">Jubilaci\u00f3n Extraordinaria<\/a>\n\t\t\t\t\t<\/div>\n\t\t\t\t\t<div id=\"elementor-tab-content-1562\" class=\"elementor-tab-content elementor-clearfix\" data-tab=\"2\" role=\"region\" aria-labelledby=\"elementor-tab-title-1562\"><div class=\"elementor-element elementor-element-c7214f3 elementor-widget elementor-widget-text-editor\" data-id=\"c7214f3\" data-element_type=\"widget\" data-widget_type=\"text-editor.default\"><div class=\"elementor-widget-container\"><div class=\"elementor-text-editor elementor-clearfix\"><div class=\"elementor-element elementor-element-c7214f3 elementor-widget elementor-widget-text-editor\" data-id=\"c7214f3\" data-element_type=\"widget\" data-widget_type=\"text-editor.default\"><div class=\"elementor-widget-container\"><div class=\"elementor-text-editor elementor-clearfix\"><h5 style=\"padding-left: 40px;\">DOCUMENTACI\u00d3N PERSONAL<\/h5><ul><li style=\"list-style-type: none;\"><ul><li style=\"list-style-type: none;\"><ul><li>Edad<ul><li>Mujeres: 60<b>*<\/b> a\u00f1os<\/li><li>Hombres: 65<b>*<\/b> a\u00f1os<\/li><\/ul><\/li><li>A\u00f1os de aportes: m\u00ednimo 15 a\u00f1os de servicios con aportes a la Caja Municipal de Jubilaciones y Pensiones. Dicho m\u00ednimo se incrementara a raz\u00f3n de 1 a\u00f1o por cada a\u00f1o calendario a partir del 1\u00ba de enero de 2026, hasta alcanzar los 30 a\u00f1os de servicios con aportes a la Caja Municipal de Jubilaciones y Pensiones. Es decir, que para el a\u00f1o 2026 se requerir\u00e1n 16 a\u00f1os, para el a\u00f1o 2027 se requerir\u00e1n 17 a\u00f1os y as\u00ed sucesivamente.<\/li><\/ul><\/li><\/ul><\/li><\/ul><p style=\"padding-left: 40px;\"><strong><em>*edad m\u00ednima requerida para la realizaci\u00f3n del tramite<\/em><\/strong><\/p><\/div><\/div><\/div><\/div><\/div><\/div><\/div>\n\t\t\t\t<\/div>\n\t\t\t\t\t\t\t\t<\/div>\n\t\t\t\t\t\t<\/div>\n\t\t\t\t<\/div>\n\t\t\t\t\t<\/div>\n\t\t<\/div>\n\t\t\t\t\t<\/div>\n\t\t<\/section>\n\t\t\t\t<section class=\"elementor-section elementor-top-section elementor-element elementor-element-eb2e5bd elementor-section-boxed elementor-section-height-default elementor-section-height-default\" data-id=\"eb2e5bd\" data-element_type=\"section\">\n\t\t\t\t\t\t<div class=\"elementor-container elementor-column-gap-default\">\n\t\t\t\t\t<div class=\"elementor-column elementor-col-100 elementor-top-column elementor-element elementor-element-40c9e01\" data-id=\"40c9e01\" data-element_type=\"column\">\n\t\t\t<div class=\"elementor-widget-wrap elementor-element-populated\">\n\t\t\t\t\t\t<div class=\"elementor-element elementor-element-6ef8298 elementor-widget elementor-widget-heading\" data-id=\"6ef8298\" data-element_type=\"widget\" data-widget_type=\"heading.default\">\n\t\t\t\t<div class=\"elementor-widget-container\">\n\t\t\t\t\t<h2 class=\"elementor-heading-title elementor-size-default\">Documentaci\u00f3n a presentar<\/h2>\t\t\t\t<\/div>\n\t\t\t\t<\/div>\n\t\t\t\t<div class=\"elementor-element elementor-element-8ee21f0 elementor-widget elementor-widget-text-editor\" data-id=\"8ee21f0\" data-element_type=\"widget\" data-widget_type=\"text-editor.default\">\n\t\t\t\t<div class=\"elementor-widget-container\">\n\t\t\t\t\t\t\t\t\t<ul><li>Formulario de solicitud que se entrega en las oficinas de Caja Municipal de Jubilaciones y Pensiones, con firma certificada del solicitante por Juez de Paz o ante Escribano P\u00fablico.<\/li><li>Fotocopia DNI autenticada, por Juez de Paz o ante Escribano P\u00fablico.<\/li><li>Partida de nacimiento autenticada, emitida por Registro Civil.<\/li><li>Fotocopia \u00faltimo recibo de haberes, emitido por Municipalidad de Col\u00f3n.<\/li><li>Planilla demostrativa de servicios, emitida por Municipalidad de Col\u00f3n.<\/li><li>Certificaci\u00f3n de la fecha real de posesi\u00f3n de empleo, emitida por Municipalidad de Col\u00f3n.<\/li><li>Reconocimiento de Servicios o Certificaci\u00f3n Negativa, seg\u00fan corresponda,\u00a0emitida por ANSES<em><a style=\"color: green;\" href=\"https:\/\/tramitesweb.anses.gob.ar\/js\/turnos\/#\/turnos\/Reconocimiento-de-Servicios-6\/datos-personales\" target=\"_blank\" rel=\"noopener\"> (obtener turno)<\/a><\/em><\/li><li>Acta de matrimonio actualizada y autenticada, emitida por Registro Civil.<\/li><li>Fotocopia DNI del c\u00f3nyuge autenticado, por Juez de Paz o ante Escribano P\u00fablico.<\/li><li>Para Salario Familiar (hijos menores de 18 a\u00f1os, o hasta 23 a\u00f1os si estudia):<ul><li>Fotocopia DNI autenticada, por Juez de Paz o ante Escribano P\u00fablico.<\/li><li>Acta de nacimiento autenticada, emitida por Registro Civil.<\/li><li>Certificados de escolaridad, emitidos por la Instituci\u00f3n Educativa correspondiente.<\/li><\/ul><\/li><\/ul>\t\t\t\t\t\t\t\t<\/div>\n\t\t\t\t<\/div>\n\t\t\t\t<div class=\"elementor-element elementor-element-c4ce2a3 elementor-align-justify elementor-widget elementor-widget-button\" data-id=\"c4ce2a3\" data-element_type=\"widget\" data-widget_type=\"button.default\">\n\t\t\t\t<div class=\"elementor-widget-container\">\n\t\t\t\t\t\t\t\t\t<div class=\"elementor-button-wrapper\">\n\t\t\t\t\t<a class=\"elementor-button elementor-button-link elementor-size-sm\" href=\"\/wp-content\/uploads\/2023\/08\/Solicitud%20-%20jubilaciones,%20pensiones%20y%20reconocimiento%20de%20servicios.pdf\" target=\"_blank\">\n\t\t\t\t\t\t<span class=\"elementor-button-content-wrapper\">\n\t\t\t\t\t\t\t\t\t<span class=\"elementor-button-text\">Descargar Formulario<\/span>\n\t\t\t\t\t<\/span>\n\t\t\t\t\t<\/a>\n\t\t\t\t<\/div>\n\t\t\t\t\t\t\t\t<\/div>\n\t\t\t\t<\/div>\n\t\t\t\t\t<\/div>\n\t\t<\/div>\n\t\t\t\t\t<\/div>\n\t\t<\/section>\n\t\t\t\t<section class=\"elementor-section elementor-top-section elementor-element elementor-element-58d50b58 elementor-section-boxed elementor-section-height-default elementor-section-height-default\" data-id=\"58d50b58\" data-element_type=\"section\">\n\t\t\t\t\t\t<div class=\"elementor-container elementor-column-gap-default\">\n\t\t\t\t\t<div class=\"elementor-column elementor-col-100 elementor-top-column elementor-element elementor-element-11f013f9\" data-id=\"11f013f9\" data-element_type=\"column\">\n\t\t\t<div class=\"elementor-widget-wrap elementor-element-populated\">\n\t\t\t\t\t\t<div class=\"elementor-element elementor-element-1cbfe9b3 elementor-widget elementor-widget-spacer\" data-id=\"1cbfe9b3\" data-element_type=\"widget\" data-widget_type=\"spacer.default\">\n\t\t\t\t<div class=\"elementor-widget-container\">\n\t\t\t\t\t\t\t<div class=\"elementor-spacer\">\n\t\t\t<div class=\"elementor-spacer-inner\"><\/div>\n\t\t<\/div>\n\t\t\t\t\t\t<\/div>\n\t\t\t\t<\/div>\n\t\t\t\t<div class=\"elementor-element elementor-element-669968cb elementor-widget-divider--view-line elementor-widget elementor-widget-divider\" data-id=\"669968cb\" data-element_type=\"widget\" data-widget_type=\"divider.default\">\n\t\t\t\t<div class=\"elementor-widget-container\">\n\t\t\t\t\t\t\t<div class=\"elementor-divider\">\n\t\t\t<span class=\"elementor-divider-separator\">\n\t\t\t\t\t\t<\/span>\n\t\t<\/div>\n\t\t\t\t\t\t<\/div>\n\t\t\t\t<\/div>\n\t\t\t\t<div class=\"elementor-element elementor-element-7fd919b9 elementor-widget elementor-widget-text-editor\" data-id=\"7fd919b9\" data-element_type=\"widget\" data-widget_type=\"text-editor.default\">\n\t\t\t\t<div class=\"elementor-widget-container\">\n\t\t\t\t\t\t\t\t\t<p style=\"text-align: right;\" onclick=\"window.history.back()\"><a href=\"#\">Volver atr\u00e1s<\/a><\/p>\t\t\t\t\t\t\t\t<\/div>\n\t\t\t\t<\/div>\n\t\t\t\t<div class=\"elementor-element elementor-element-76ad8bba elementor-widget elementor-widget-spacer\" data-id=\"76ad8bba\" data-element_type=\"widget\" data-widget_type=\"spacer.default\">\n\t\t\t\t<div class=\"elementor-widget-container\">\n\t\t\t\t\t\t\t<div class=\"elementor-spacer\">\n\t\t\t<div class=\"elementor-spacer-inner\"><\/div>\n\t\t<\/div>\n\t\t\t\t\t\t<\/div>\n\t\t\t\t<\/div>\n\t\t\t\t\t<\/div>\n\t\t<\/div>\n\t\t\t\t\t<\/div>\n\t\t<\/section>\n\t\t\t\t<\/div>\n\t\t","protected":false},"excerpt":{"rendered":"<p>Informaci\u00f3n Importante Se podr\u00e1 solicitar el formulario y la documentaci\u00f3n requerida antes de cumplir la edad de jubilaci\u00f3n. La presentaci\u00f3n formal ante la Caja de Jubilaciones se deber\u00e1 realizar una vez cumplida la edad que otorga el derecho al beneficio. Requisitos para obtener tu jubilaci\u00f3n Jubilaci\u00f3n Ordinaria DOCUMENTACI\u00d3N PERSONAL Edad Mujeres: 57* a\u00f1os Hombres: 62* [&hellip;]<\/p>\n","protected":false},"author":1,"featured_media":0,"parent":0,"menu_order":0,"comment_status":"closed","ping_status":"closed","template":"page-templates\/pagebuilder.php","meta":{"zakra_sidebar_layout":"customizer","zakra_remove_content_margin":false,"zakra_sidebar":"customizer","zakra_transparent_header":"1","zakra_logo":0,"zakra_main_header_style":"default","zakra_menu_item_color":"","zakra_menu_item_hover_color":"","zakra_menu_item_active_color":"","zakra_menu_active_style":"","zakra_page_header":true,"footnotes":""},"class_list":["post-557","page","type-page","status-publish","hentry"],"_links":{"self":[{"href":"https:\/\/cajacolon.com.ar\/index.php?rest_route=\/wp\/v2\/pages\/557","targetHints":{"allow":["GET"]}}],"collection":[{"href":"https:\/\/cajacolon.com.ar\/index.php?rest_route=\/wp\/v2\/pages"}],"about":[{"href":"https:\/\/cajacolon.com.ar\/index.php?rest_route=\/wp\/v2\/types\/page"}],"author":[{"embeddable":true,"href":"https:\/\/cajacolon.com.ar\/index.php?rest_route=\/wp\/v2\/users\/1"}],"replies":[{"embeddable":true,"href":"https:\/\/cajacolon.com.ar\/index.php?rest_route=%2Fwp%2Fv2%2Fcomments&post=557"}],"version-history":[{"count":21,"href":"https:\/\/cajacolon.com.ar\/index.php?rest_route=\/wp\/v2\/pages\/557\/revisions"}],"predecessor-version":[{"id":868,"href":"https:\/\/cajacolon.com.ar\/index.php?rest_route=\/wp\/v2\/pages\/557\/revisions\/868"}],"wp:attachment":[{"href":"https:\/\/cajacolon.com.ar\/index.php?rest_route=%2Fwp%2Fv2%2Fmedia&parent=557"}],"curies":[{"name":"wp","href":"https:\/\/api.w.org\/{rel}","templated":true}]}}